{"id":1034,"date":"2019-02-08T13:15:09","date_gmt":"2019-02-08T13:15:09","guid":{"rendered":"http:\/\/lostenampas.com\/?page_id=1034"},"modified":"2025-01-08T06:35:56","modified_gmt":"2025-01-08T05:35:56","slug":"home","status":"publish","type":"page","link":"https:\/\/lostenampas.com\/","title":{"rendered":"Los Tenampas"},"content":{"rendered":"<p>[vc_row full_width=\u00bbstretch_row\u00bb content_placement=\u00bbmiddle\u00bb parallax=\u00bbcontent-moving\u00bb parallax_image=\u00bb2303&#8243; content_width=\u00bbnarrow\u00bb css=\u00bb.vc_custom_1681421936065{margin-top: -70px !important;border-radius: 2px !important;}\u00bb][vc_column width=\u00bb1\/6&#8243;][\/vc_column][vc_column width=\u00bb2\/3&#8243;][vc_empty_space height=\u00bb90px\u00bb][vc_custom_heading text=\u00bb\u00a1 Bienvenidos !\u00bb font_container=\u00bbtag:h2|font_size:70px|text_align:center|color:%23ffffff\u00bb google_fonts=\u00bbfont_family:Playfair%20Display%3Aregular%2Citalic%2C700%2C700italic%2C900%2C900italic|font_style:400%20regular%3A400%3Anormal\u00bb][vc_custom_heading text=\u00bbOngi etorri !\u00bb font_container=\u00bbtag:h2|font_size:70px|text_align:center|color:%23ffffff\u00bb google_fonts=\u00bbfont_family:Playfair%20Display%3Aregular%2Citalic%2C700%2C700italic%2C900%2C900italic|font_style:400%20regular%3A400%3Anormal\u00bb][vc_custom_heading text=\u00bb\u00a1CONOZCAN A UNO DE LOS MEJORES MARIACHIS DE TODA LA PEN\u00cdNSULA!<br \/>\nLas voces de Los Tenampas y la elegancia del mariachi har\u00e1n disfrutar a todo tipo de p\u00fablico, adaptando cada una de las canciones. \u00a1 Conoce todos sus formatos !\u00bb font_container=\u00bbtag:p|font_size:20|text_align:center|color:%23ffffff|line_height:1.9&#8243; google_fonts=\u00bbfont_family:Paprika%3Aregular|font_style:400%20regular%3A400%3Anormal\u00bb][vc_custom_heading text=\u00bb\u00ab\u00c9chale bonito Tenampa, \u00a1S\u00ed se\u00f1or!\u00ab\u00bb font_container=\u00bbtag:p|font_size:25|text_align:center|color:%23ffffff|line_height:2&#8243; google_fonts=\u00bbfont_family:Press%20Start%202P%3Aregular|font_style:400%20regular%3A400%3Anormal\u00bb][vc_row_inner content_placement=\u00bbmiddle\u00bb][vc_column_inner el_class=\u00bbaligncenter\u00bb width=\u00bb1\/2&#8243;]<a class=\"btn aligncenter btn--small btn--light\" href=\"http:\/\/lostenampas.com\/index.php\/contratanos\/\" target=\"_self\"><span>VER TIPOS DE ACTUACIONES<\/span><\/a>[\/vc_column_inner][vc_column_inner el_class=\u00bbaligncenter\u00bb width=\u00bb1\/2&#8243;]<a class=\"btn aligncenter btn--small btn--light\" href=\"http:\/\/lostenampas.com\/index.php\/espectaculos\/\" target=\"_self\"><span>VER ESPECT\u00c1CULOS<\/span><\/a>[\/vc_column_inner][\/vc_row_inner][vc_empty_space height=\u00bb400px\u00bb][\/vc_column][vc_column width=\u00bb1\/6&#8243;][\/vc_column][\/vc_row][vc_row][vc_column][vc_empty_space height=\u00bb80px\u00bb][vc_custom_heading text=\u00bbTIPOS DE CONCIERTOS \/ KONTZERTU MOTAK\u00bb font_container=\u00bbtag:h5|font_size:25|text_align:center|color:%235e5e5e|line_height:0.1&#8243; google_fonts=\u00bbfont_family:Lato%3A100%2C100italic%2C300%2C300italic%2Cregular%2Citalic%2C700%2C700italic%2C900%2C900italic|font_style:300%20light%20regular%3A300%3Anormal\u00bb][vc_custom_heading text=\u00bbFORMATOS \/ FORMATUAK\u00bb font_container=\u00bbtag:h2|font_size:60|text_align:center|color:%23000000&#8243; google_fonts=\u00bbfont_family:Playfair%20Display%3Aregular%2Citalic%2C700%2C700italic%2C900%2C900italic|font_style:400%20regular%3A400%3Anormal\u00bb][vc_empty_space height=\u00bb20px\u00bb][vc_single_image image=\u00bb1144&#8243; img_size=\u00bbfull\u00bb alignment=\u00bbcenter\u00bb][vc_empty_space height=\u00bb40px\u00bb][vc_row_inner][vc_column_inner][vc_single_image image=\u00bb2370&#8243; img_size=\u00bbfull\u00bb alignment=\u00bbcenter\u00bb][vc_custom_heading text=\u00bbLa potencia y la garra de las tres voces masculinas de la familia Artuch, acompa\u00f1adas de un acorde\u00f3n y secuencias de gran calidad musical.\u00bb font_container=\u00bbtag:p|font_size:14px|text_align:center\u00bb google_fonts=\u00bbfont_family:Open%20Sans%3A300%2C300italic%2Cregular%2Citalic%2C600%2C600italic%2C700%2C700italic%2C800%2C800italic|font_style:300%20light%20regular%3A300%3Anormal\u00bb]<a class=\"btn aligncenter btn--small btn--dark\" href=\"http:\/\/lostenampas.com\/index.php\/contratanos\/el-trio\/\" target=\"_self\"><span>M\u00c1S INFORMACI\u00d3N<\/span><\/a>[vc_empty_space height=\u00bb130px\u00bb][vc_single_image image=\u00bb2367&#8243; img_size=\u00bbfull\u00bb alignment=\u00bbcenter\u00bb][vc_custom_heading text=\u00bbAut\u00e9nticas mejicanas y rancheras al son de las trompetas. El tr\u00edo, \u00abLos Tenampas\u00ab con sus dos trompetas del Mariachi.\u00bb font_container=\u00bbtag:p|font_size:14px|text_align:center\u00bb google_fonts=\u00bbfont_family:Open%20Sans%3A300%2C300italic%2Cregular%2Citalic%2C600%2C600italic%2C700%2C700italic%2C800%2C800italic|font_style:300%20light%20regular%3A300%3Anormal\u00bb]<a class=\"btn aligncenter btn--small btn--dark\" href=\"http:\/\/lostenampas.com\/index.php\/contratanos\/el-quinteto\/\" target=\"_self\"><span>M\u00c1S INFORMACI\u00d3N<\/span><\/a>[vc_empty_space height=\u00bb130px\u00bb][vc_single_image image=\u00bb2487&#8243; img_size=\u00bbfull\u00bb alignment=\u00bbcenter\u00bb][vc_custom_heading text=\u00bbLas 3 voces acompa\u00f1adas de un Mariachi \u00abpuro\u00ab. Nueve grandes profesionales a los que nos une la<br \/>\npasi\u00f3n por el g\u00e9nero mariachi.\u00bb font_container=\u00bbtag:p|font_size:14px|text_align:center\u00bb google_fonts=\u00bbfont_family:Open%20Sans%3A300%2C300italic%2Cregular%2Citalic%2C600%2C600italic%2C700%2C700italic%2C800%2C800italic|font_style:300%20light%20regular%3A300%3Anormal\u00bb]<a class=\"btn aligncenter btn--small btn--dark\" href=\"http:\/\/lostenampas.com\/index.php\/contratanos\/el-mariachi\/\" target=\"_self\"><span>M\u00c1S INFORMACI\u00d3N<\/span><\/a>[vc_empty_space height=\u00bb130px\u00bb][\/vc_column_inner][\/vc_row_inner][\/vc_column][vc_column][\/vc_column][\/vc_row][vc_row full_width=\u00bbstretch_row\u00bb css=\u00bb.vc_custom_1549972208092{background-color: #e8e8e8 !important;}\u00bb][vc_column width=\u00bb1\/2&#8243;][vc_empty_space height=\u00bb40px\u00bb][vc_single_image image=\u00bb1188&#8243; img_size=\u00bbfull\u00bb alignment=\u00bbcenter\u00bb][\/vc_column][vc_column width=\u00bb1\/2&#8243;][vc_empty_space height=\u00bb130px\u00bb][vc_custom_heading text=\u00bbCONCIERTOS &#8211; KONTZERTUAK\u00bb font_container=\u00bbtag:h5|font_size:18|text_align:left|color:%235e5e5e|line_height:0.1&#8243; google_fonts=\u00bbfont_family:Lato%3A100%2C100italic%2C300%2C300italic%2Cregular%2Citalic%2C700%2C700italic%2C900%2C900italic|font_style:300%20light%20regular%3A300%3Anormal\u00bb][vc_custom_heading text=\u00bbEcha un vistazo a nuestra agenda\/Begiratu gure agendari\u00bb font_container=\u00bbtag:h2|font_size:30|text_align:left|color:%23000000&#8243; google_fonts=\u00bbfont_family:Playfair%20Display%3Aregular%2Citalic%2C700%2C700italic%2C900%2C900italic|font_style:400%20regular%3A400%3Anormal\u00bb][vc_row_inner][vc_column_inner width=\u00bb2\/3&#8243;][vc_custom_heading text=\u00bbPinchando en cada evento puedes ver todos los detalles, como la hora y la ubicaci\u00f3n\/Ekitaldi bakoitzean klikatuz xehetasun guztiak ikus ditzakezu, ordua eta kokapena, besteak beste.\u00bb font_container=\u00bbtag:h2|font_size:22|text_align:left|color:%23000000&#8243; google_fonts=\u00bbfont_family:Playfair%20Display%3Aregular%2Citalic%2C700%2C700italic%2C900%2C900italic|font_style:400%20italic%3A400%3Aitalic\u00bb][\/vc_column_inner][vc_column_inner width=\u00bb1\/3&#8243;][\/vc_column_inner][\/vc_row_inner]<div class=\"events--list-wrap  bg--light \">\r\n\t                    <ul class=\"events--list\"><li class=\"grid--item item-anim anim-fadeup post-2649 zona_events type-zona_events status-publish hentry zona_event_type-future-events\"><div class=\"event--col event--col-date\">02\/05<\/div><div class=\"event--col event--col-title\"><div class=\"event--show-on-mobile event--date\">02\/05<\/div><a href=\"https:\/\/lostenampas.com\/index.php\/events\/teatro-ansoain-antsoaingo-antzokia-trio-1930-h-02-05-2026\/\" class=\"event--title\">TEATRO DE ANSO\u00c1IN-ANTSOAINGO ANTZOKIA  &#8211;  (TRIO)  &#8211;  19:30 h  &#8211;  02\/05\/2026<\/a><div class=\"event--show-on-mobile event--city\"><\/div><\/div><div class=\"event--col event--col-city\"><\/div><div class=\"event--col event--col-tickets\"><a class=\"event--button anim--reveal\" href=\"https:\/\/es.patronbase.com\/_Ansoain\/Seats\/ChooseMyOwn?prod_id=0491&#038;perf_id=1&#038;section_id=M&#038;action=ChooseMyOwn\" target=\"_blank\"><span>Tickets<\/span><\/a><\/div><\/li><li class=\"grid--item item-anim anim-fadeup post-2578 zona_events type-zona_events status-publish hentry zona_event_type-future-events\"><div class=\"event--col event--col-date\">03\/05<\/div><div class=\"event--col event--col-title\"><div class=\"event--show-on-mobile event--date\">03\/05<\/div><a href=\"https:\/\/lostenampas.com\/index.php\/events\/quel-trio-1900-h-03-05-2026\/\" class=\"event--title\">QUEL  &#8211;  (TRIO)  &#8211;  19:00 h  &#8211;  03\/05\/2026<\/a><div class=\"event--show-on-mobile event--city\"><\/div><\/div><div class=\"event--col event--col-city\"><\/div><div class=\"event--col event--col-tickets\"><\/div><\/li><li class=\"grid--item item-anim anim-fadeup post-2646 zona_events type-zona_events status-publish hentry zona_event_type-future-events\"><div class=\"event--col event--col-date\">05\/06<\/div><div class=\"event--col event--col-title\"><div class=\"event--show-on-mobile event--date\">05\/06<\/div><a href=\"https:\/\/lostenampas.com\/index.php\/events\/anorbe-trio-2100-h-05-06-2026\/\" class=\"event--title\">A\u00d1ORBE  &#8211;  (TR\u00cdO)  &#8211;  21:00 h  &#8211;  05\/06\/2026<\/a><div class=\"event--show-on-mobile event--city\"><\/div><\/div><div class=\"event--col event--col-city\"><\/div><div class=\"event--col event--col-tickets\"><\/div><\/li><li class=\"grid--item item-anim anim-fadeup post-2605 zona_events type-zona_events status-publish hentry zona_event_type-future-events\"><div class=\"event--col event--col-date\">13\/06<\/div><div class=\"event--col event--col-title\"><div class=\"event--show-on-mobile event--date\">13\/06<\/div><a href=\"https:\/\/lostenampas.com\/index.php\/events\/berrioplano-mariachi-1900-h-13-06-2026\/\" class=\"event--title\">BERRIOPLANO  &#8211;  (MARIACHI)  &#8211;  19:00 h  &#8211;  13\/06\/2026<\/a><div class=\"event--show-on-mobile event--city\"><\/div><\/div><div class=\"event--col event--col-city\"><\/div><div class=\"event--col event--col-tickets\"><\/div><\/li><li class=\"grid--item item-anim anim-fadeup post-2635 zona_events type-zona_events status-publish hentry zona_event_type-future-events\"><div class=\"event--col event--col-date\">19\/06<\/div><div class=\"event--col event--col-title\"><div class=\"event--show-on-mobile event--date\">19\/06<\/div><a href=\"https:\/\/lostenampas.com\/index.php\/events\/baranain-mariachi-2000-h-19-06-2026\/\" class=\"event--title\">BARA\u00d1AIN  &#8211;  (Mariachi)  &#8211;  20:00 h  &#8211;  19\/06\/2026<\/a><div class=\"event--show-on-mobile event--city\"><\/div><\/div><div class=\"event--col event--col-city\"><\/div><div class=\"event--col event--col-tickets\"><\/div><\/li><\/ul><\/div><div class=\"clear\"><\/div><a class=\"btn aligncenter btn--small btn--dark\" href=\"http:\/\/lostenampas.com\/index.php\/actuaciones\/\" target=\"_self\"><span>VER M\u00c1S<\/span><\/a>[vc_empty_space height=\u00bb90px\u00bb][\/vc_column][\/vc_row][vc_row][vc_column][vc_empty_space height=\u00bb130px\u00bb][vc_custom_heading text=\u00bbTIPOS DE ACTUACIONES \/ JARDUKETA MOTAK\u00bb font_container=\u00bbtag:h5|font_size:18|text_align:center|color:%235e5e5e|line_height:0.1&#8243; google_fonts=\u00bbfont_family:Lato%3A100%2C100italic%2C300%2C300italic%2Cregular%2Citalic%2C700%2C700italic%2C900%2C900italic|font_style:300%20light%20regular%3A300%3Anormal\u00bb][vc_custom_heading text=\u00bbESPECT\u00c1CULOS \/ IKUSKIZUNAK\u00bb font_container=\u00bbtag:h2|font_size:30|text_align:center|color:%23000000&#8243; google_fonts=\u00bbfont_family:Playfair%20Display%3Aregular%2Citalic%2C700%2C700italic%2C900%2C900italic|font_style:400%20regular%3A400%3Anormal\u00bb][vc_empty_space height=\u00bb90px\u00bb][\/vc_column][\/vc_row][vc_row equal_height=\u00bbyes\u00bb css=\u00bb.vc_custom_1549972023246{background-color: #efefef !important;}\u00bb][vc_column video_bg=\u00bbyes\u00bb video_bg_url=\u00bbhttps:\/\/www.youtube.com\/watch?v=KQw_7mRnHQM\u00bb width=\u00bb1\/2&#8243;][\/vc_column][vc_column width=\u00bb1\/2&#8243; css=\u00bb.vc_custom_1551344611274{margin-top: 20px !important;margin-right: 20px !important;margin-bottom: 20px !important;margin-left: 20px !important;border-top-width: 1px !important;border-right-width: 1px !important;border-bottom-width: 1px !important;border-left-width: 1px !important;padding-top: 8% !important;padding-right: 10% !important;padding-bottom: 8% !important;padding-left: 10% !important;border-left-color: #000000 !important;border-left-style: dotted !important;border-right-color: #000000 !important;border-right-style: dotted !important;border-top-color: #000000 !important;border-top-style: dotted !important;border-bottom-color: #000000 !important;border-bottom-style: dotted !important;}\u00bb][vc_custom_heading text=\u00bbVi &#8211; Viendo M\u00e9xico\u00bb font_container=\u00bbtag:h2|font_size:30|text_align:center|color:%23000000&#8243; google_fonts=\u00bbfont_family:Playfair%20Display%3Aregular%2Citalic%2C700%2C700italic%2C900%2C900italic|font_style:400%20regular%3A400%3Anormal\u00bb][vc_custom_heading text=\u00bbVi &#8211; Viendo M\u00e9xico es el mayor espect\u00e1culo de Los Tenampas. Un show totalmente visual y con una puesta en escena incre\u00edble. Cuenta con la colaboraci\u00f3n de varios artistas, adaptaci\u00f3n a la lengua de signos y maping, que har\u00e1 captar la atenci\u00f3n del espectador en todo momento.\u00bb font_container=\u00bbtag:p|font_size:14px|text_align:center\u00bb google_fonts=\u00bbfont_family:Open%20Sans%3A300%2C300italic%2Cregular%2Citalic%2C600%2C600italic%2C700%2C700italic%2C800%2C800italic|font_style:300%20light%20regular%3A300%3Anormal\u00bb][vc_custom_heading text=\u00bbActualmente representan este espect\u00e1culo en diferentes puntos de la geograf\u00eda, contando con la colaboraci\u00f3n de coros propios de la localidad.\u00bb font_container=\u00bbtag:p|font_size:14px|text_align:center\u00bb google_fonts=\u00bbfont_family:Open%20Sans%3A300%2C300italic%2Cregular%2Citalic%2C600%2C600italic%2C700%2C700italic%2C800%2C800italic|font_style:300%20light%20regular%3A300%3Anormal\u00bb][vc_empty_space height=\u00bb20px\u00bb]<a class=\"btn aligncenter btn--small btn--dark\" href=\"https:\/\/www.youtube.com\/watch?v=KQw_7mRnHQM\" target=\"_self\"><span>M\u00c1S INFORMACI\u00d3N<\/span><\/a>[\/vc_column][\/vc_row][vc_row equal_height=\u00bbyes\u00bb css=\u00bb.vc_custom_1549972023246{background-color: #efefef !important;}\u00bb][vc_column width=\u00bb1\/2&#8243; css=\u00bb.vc_custom_1551344611274{margin-top: 20px !important;margin-right: 20px !important;margin-bottom: 20px !important;margin-left: 20px !important;border-top-width: 1px !important;border-right-width: 1px !important;border-bottom-width: 1px !important;border-left-width: 1px !important;padding-top: 8% !important;padding-right: 10% !important;padding-bottom: 8% !important;padding-left: 10% !important;border-left-color: #000000 !important;border-left-style: dotted !important;border-right-color: #000000 !important;border-right-style: dotted !important;border-top-color: #000000 !important;border-top-style: dotted !important;border-bottom-color: #000000 !important;border-bottom-style: dotted !important;}\u00bb][vc_custom_heading text=\u00bbZahor\u00ed al galope con Los Tenampas\u00bb font_container=\u00bbtag:h2|font_size:30|text_align:center|color:%23000000&#8243; google_fonts=\u00bbfont_family:Playfair%20Display%3Aregular%2Citalic%2C700%2C700italic%2C900%2C900italic|font_style:400%20regular%3A400%3Anormal\u00bb][vc_custom_heading text=\u00bbUno de los mayores espect\u00e1culos ecuestres. Combinan el baile folklore mexicano con la actuaci\u00f3n del baile de caballos.<br \/>\nLos Tenampas son los encargados de poner m\u00fasica a todo el espect\u00e1culo con sus prodigiosas voces y la armon\u00eda de su mariachi.\u00bb font_container=\u00bbtag:p|font_size:14px|text_align:center\u00bb google_fonts=\u00bbfont_family:Open%20Sans%3A300%2C300italic%2Cregular%2Citalic%2C600%2C600italic%2C700%2C700italic%2C800%2C800italic|font_style:300%20light%20regular%3A300%3Anormal\u00bb][vc_empty_space height=\u00bb20px\u00bb]<a class=\"btn aligncenter btn--small btn--dark\" href=\"https:\/\/www.youtube.com\/watch?v=KQw_7mRnHQM\" target=\"_self\"><span>M\u00c1S INFORMACI\u00d3N<\/span><\/a>[\/vc_column][vc_column video_bg=\u00bbyes\u00bb video_bg_url=\u00bbhttps:\/\/www.youtube.com\/watch?v=oQvdPX_oXkk\u00bb width=\u00bb1\/2&#8243;][\/vc_column][\/vc_row][vc_row full_width=\u00bbstretch_row\u00bb][vc_column][vc_empty_space][vc_zigzag][vc_empty_space][\/vc_column][\/vc_row][vc_row full_width=\u00bbstretch_row\u00bb parallax=\u00bbcontent-moving\u00bb parallax_image=\u00bb1191&#8243; parallax_speed_bg=\u00bb1&#8243; css=\u00bb.vc_custom_1549974110467{margin-bottom: -90px !important;}\u00bb][vc_column][vc_empty_space height=\u00bb90px\u00bb][vc_row_inner][vc_column_inner width=\u00bb1\/3&#8243; css=\u00bb.vc_custom_1549973861788{padding-top: 60px !important;padding-right: 40px !important;padding-bottom: 60px !important;padding-left: 40px !important;background-color: rgba(255,255,255,0.44) !important;*background-color: rgb(255,255,255) !important;}\u00bb][vc_custom_heading text=\u00bbMARIACHI EN TU EVENTO \/ MARIATXIA ZURE EKITALDIAN\u00bb font_container=\u00bbtag:h5|font_size:18|text_align:left|color:%23ffffff|line_height:0.1&#8243; google_fonts=\u00bbfont_family:Lato%3A100%2C100italic%2C300%2C300italic%2Cregular%2Citalic%2C700%2C700italic%2C900%2C900italic|font_style:300%20light%20regular%3A300%3Anormal\u00bb][vc_custom_heading text=\u00bbAmeniza tu boda o evento con Los Tenampas\u00bb font_container=\u00bbtag:h2|font_size:30|text_align:left|color:%23000000&#8243; google_fonts=\u00bbfont_family:Playfair%20Display%3Aregular%2Citalic%2C700%2C700italic%2C900%2C900italic|font_style:400%20regular%3A400%3Anormal\u00bb][vc_empty_space height=\u00bb20px\u00bb]<a class=\"btn  btn--small btn--dark\" href=\"http:\/\/lostenampas.com\/index.php\/bodas\/\" target=\"_self\"><span>M\u00c1S INFORMACI\u00d3N<\/span><\/a>[\/vc_column_inner][vc_column_inner width=\u00bb1\/3&#8243;][\/vc_column_inner][vc_column_inner width=\u00bb1\/3&#8243;][\/vc_column_inner][\/vc_row_inner][vc_empty_space height=\u00bb90px\u00bb][\/vc_column][\/vc_row][vc_row][vc_column][vc_icon][\/vc_column][\/vc_row]<\/p>\n","protected":false},"excerpt":{"rendered":"<p>[vc_row full_width=\u00bbstretch_row\u00bb content_placement=\u00bbmiddle\u00bb parallax=\u00bbcontent-moving\u00bb parallax_image=\u00bb2303&#8243; content_width=\u00bbnarrow\u00bb css=\u00bb.vc_custom_1681421936065{margin-top: -70px !important;border-radius: 2px !important;}\u00bb][vc_column width=\u00bb1\/6&#8243;][\/vc_column][vc_column width=\u00bb2\/3&#8243;][vc_empty_space height=\u00bb90px\u00bb][vc_custom_heading text=\u00bb\u00a1 Bienvenidos !\u00bb font_container=\u00bbtag:h2|font_size:70px|text_align:center|color:%23ffffff\u00bb google_fonts=\u00bbfont_family:Playfair%20Display%3Aregular%2Citalic%2C700%2C700italic%2C900%2C900italic|font_style:400%20regular%3A400%3Anormal\u00bb][vc_custom_heading text=\u00bbOngi etorri !\u00bb font_container=\u00bbtag:h2|font_size:70px|text_align:center|color:%23ffffff\u00bb google_fonts=\u00bbfont_family:Playfair%20Display%3Aregular%2Citalic%2C700%2C700italic%2C900%2C900italic|font_style:400%20regular%3A400%3Anormal\u00bb][vc_custom_heading text=\u00bb\u00a1CONOZCAN A UNO DE LOS MEJORES MARIACHIS DE TODA LA PEN\u00cdNSULA! Las voces de Los Tenampas y la elegancia del mariachi har\u00e1n disfrutar a todo tipo de p\u00fablico, adaptando cada una [&hellip;]<\/p>\n","protected":false},"author":3,"featured_media":0,"parent":0,"menu_order":0,"comment_status":"closed","ping_status":"closed","template":"","meta":[],"_links":{"self":[{"href":"https:\/\/lostenampas.com\/index.php\/wp-json\/wp\/v2\/pages\/1034"}],"collection":[{"href":"https:\/\/lostenampas.com\/index.php\/wp-json\/wp\/v2\/pages"}],"about":[{"href":"https:\/\/lostenampas.com\/index.php\/wp-json\/wp\/v2\/types\/page"}],"author":[{"embeddable":true,"href":"https:\/\/lostenampas.com\/index.php\/wp-json\/wp\/v2\/users\/3"}],"replies":[{"embeddable":true,"href":"https:\/\/lostenampas.com\/index.php\/wp-json\/wp\/v2\/comments?post=1034"}],"version-history":[{"count":211,"href":"https:\/\/lostenampas.com\/index.php\/wp-json\/wp\/v2\/pages\/1034\/revisions"}],"predecessor-version":[{"id":2279,"href":"https:\/\/lostenampas.com\/index.php\/wp-json\/wp\/v2\/pages\/1034\/revisions\/2279"}],"wp:attachment":[{"href":"https:\/\/lostenampas.com\/index.php\/wp-json\/wp\/v2\/media?parent=1034"}],"curies":[{"name":"wp","href":"https:\/\/api.w.org\/{rel}","templated":true}]}}