{"id":1076,"date":"2019-02-11T13:25:03","date_gmt":"2019-02-11T13:25:03","guid":{"rendered":"http:\/\/lostenampas.com\/?page_id=1076"},"modified":"2025-01-08T06:27:47","modified_gmt":"2025-01-08T05:27:47","slug":"sobre-nosotros","status":"publish","type":"page","link":"https:\/\/lostenampas.com\/index.php\/sobre-nosotros\/","title":{"rendered":"SOBRE NOSOTROS\/GURI BURUZ"},"content":{"rendered":"<p>[vc_row][vc_column][vc_single_image image=\u00bb2287&#8243; img_size=\u00bbfull\u00bb style=\u00bbvc_box_border\u00bb][vc_custom_heading source=\u00bbpost_title\u00bb font_container=\u00bbtag:h1|font_size:70|text_align:left|color:%23000000&#8243; google_fonts=\u00bbfont_family:Playfair%20Display%3Aregular%2Citalic%2C700%2C700italic%2C900%2C900italic|font_style:400%20regular%3A400%3Anormal\u00bb][vc_single_image image=\u00bb1144&#8243; img_size=\u00bbfull\u00bb css=\u00bb.vc_custom_1549990833723{margin-top: 20px !important;margin-bottom: 20px !important;}\u00bb][vc_custom_heading text=\u00bbLos Tenampas es un tr\u00edo formado por la familia Artuch, padre con sus dos hijos. Sus nombres son Patxi Artuch y David y Mikel Artuch.<\/p>\n<p>La raza de los Artuch descienden del norte de navarra y zona media, concretamente de Vid\u00e1ngoz de donde es Patxi (valle del roncal) y del pueblo de Leatxe de donde es su madre Maria Jos\u00e9 Unzu\u00e9. Residen actualmente en Pamplona (NAVARRA).<\/p>\n<p>Cursaron estudios musicales en la escuela de m\u00fasica Hilari\u00f3n Eslava de Burlada y m\u00e1s tarde, en el conservatorio Pablo Sarasate de Pamplona, en la carrera de canto l\u00edrico. Tambi\u00e9n fueron miembros en la cuerda de tenores en el Orfe\u00f3n Pamplon\u00e9s.<br \/>\nCon esta entidad estuvieron cantando en Burdeos, Londres y New York entre<br \/>\notros&#8230;<\/p>\n<p>Sus inicios como cantantes de mariachi fueron en el a\u00f1o 2009 con la formaci\u00f3n de<br \/>\ntr\u00edo. Comenzaron cantando en diferentes fiestas patronales de pueblos y ciudades y<br \/>\npoco a poco fueron ampliando su repertorio y con ello su abanico de lugares con<br \/>\ndistintas presentaciones.<\/p>\n<p>Han estado cantando en M\u00e9xico, en el teatro Jos\u00e9 Rol\u00f3n de Ciudad Guzm\u00e1n y m\u00e1s concretamente en el programa \u201cNoches de mariachi\u201d, presentado por Carlos Brambila y Annie Vazquez y tambi\u00e9n ofreciendo un concierto en el Euskal Etxea de la Ciudad de M\u00e9xico.<\/p>\n<p>Pasados los a\u00f1os han forjado un pasado muy valioso, con m\u00e1s de 1.000 conciertos a<br \/>\nsus espaldas y grabaciones de 9 cds.<\/p>\n<p>Han estado en lugares con mucho prestigio y cabe destacar que en el a\u00f1o 2022 acompa\u00f1aron al MEJOR MARIACHI DEL MUNDO, el mariachi Vargas de Tecalitl\u00e1n en su gira por Espa\u00f1a de su 125 aniversario. Con ellos estuvieron en escenarios como Baluarte de Pamplona &#8211; Iru\u00f1a, Euskalduna de Bilbao, Kursaal de San Sebasti\u00e1n &#8211; Donostia y en el Wizink Center de Madrid.<\/p>\n<p>Tambi\u00e9n han estado con la artista Isabel Pantoja en Sevilla, concretamente en el estadio de La Cartuja acompa\u00f1\u00e1ndole en su inicio de gira de 50 Aniversario.<\/p>\n<p>Cuentan con varias grabaciones en cadenas de televisi\u00f3n como por ejemplo:<br \/>\n&#8211; TV vasca EITB en el programa Oholtzan y tambi\u00e9n en la televisi\u00f3n Gallega en el programa LUAR.<\/p>\n<p>Los Tenampas cuentan con todo un mariachi a sus espaldas con m\u00e1s de 12 m\u00fasicos<br \/>\ny defienden este estilo al m\u00e1s puro estilo mexicano y se adaptan en su repertorio a cualquier tipo de folcklore.<\/p>\n<p>Como bien dicen en una de sus canciones (Los Tenampas y El Mariachi) \u201cY es que<br \/>\nsomos charros de esencia navarra, que llevan a M\u00e9xico en el coraz\u00f3n\u201d\u00bb font_container=\u00bbtag:h2|font_size:16|text_align:left|color:%23636363|line_height:1.3&#8243; google_fonts=\u00bbfont_family:Open%20Sans%3A300%2C300italic%2Cregular%2Citalic%2C600%2C600italic%2C700%2C700italic%2C800%2C800italic|font_style:300%20light%20regular%3A300%3Anormal\u00bb href=\u00bb\u00abhttps:\/\/salontenampa.com\/\u00ab\u00bb][\/vc_column][\/vc_row]<\/p>\n","protected":false},"excerpt":{"rendered":"<p>[vc_row][vc_column][vc_single_image image=\u00bb2287&#8243; img_size=\u00bbfull\u00bb style=\u00bbvc_box_border\u00bb][vc_custom_heading source=\u00bbpost_title\u00bb font_container=\u00bbtag:h1|font_size:70|text_align:left|color:%23000000&#8243; google_fonts=\u00bbfont_family:Playfair%20Display%3Aregular%2Citalic%2C700%2C700italic%2C900%2C900italic|font_style:400%20regular%3A400%3Anormal\u00bb][vc_single_image image=\u00bb1144&#8243; img_size=\u00bbfull\u00bb css=\u00bb.vc_custom_1549990833723{margin-top: 20px !important;margin-bottom: 20px !important;}\u00bb][vc_custom_heading text=\u00bbLos Tenampas es un tr\u00edo formado por la familia Artuch, padre con sus dos hijos. Sus nombres son Patxi Artuch y David y Mikel Artuch. La raza de los Artuch descienden del norte de navarra y zona media, concretamente de Vid\u00e1ngoz [&hellip;]<\/p>\n","protected":false},"author":3,"featured_media":0,"parent":0,"menu_order":0,"comment_status":"closed","ping_status":"closed","template":"","meta":[],"_links":{"self":[{"href":"https:\/\/lostenampas.com\/index.php\/wp-json\/wp\/v2\/pages\/1076"}],"collection":[{"href":"https:\/\/lostenampas.com\/index.php\/wp-json\/wp\/v2\/pages"}],"about":[{"href":"https:\/\/lostenampas.com\/index.php\/wp-json\/wp\/v2\/types\/page"}],"author":[{"embeddable":true,"href":"https:\/\/lostenampas.com\/index.php\/wp-json\/wp\/v2\/users\/3"}],"replies":[{"embeddable":true,"href":"https:\/\/lostenampas.com\/index.php\/wp-json\/wp\/v2\/comments?post=1076"}],"version-history":[{"count":14,"href":"https:\/\/lostenampas.com\/index.php\/wp-json\/wp\/v2\/pages\/1076\/revisions"}],"predecessor-version":[{"id":2494,"href":"https:\/\/lostenampas.com\/index.php\/wp-json\/wp\/v2\/pages\/1076\/revisions\/2494"}],"wp:attachment":[{"href":"https:\/\/lostenampas.com\/index.php\/wp-json\/wp\/v2\/media?parent=1076"}],"curies":[{"name":"wp","href":"https:\/\/api.w.org\/{rel}","templated":true}]}}