{"id":1136,"date":"2019-02-12T09:21:18","date_gmt":"2019-02-12T08:21:18","guid":{"rendered":"http:\/\/lostenampas.com\/?page_id=1136"},"modified":"2025-01-08T06:24:43","modified_gmt":"2025-01-08T05:24:43","slug":"bodas","status":"publish","type":"page","link":"https:\/\/lostenampas.com\/index.php\/bodas\/","title":{"rendered":"BODAS\/EZKONTZAK"},"content":{"rendered":"<p>[vc_row][vc_column width=\u00bb1\/6&#8243;][\/vc_column][vc_column width=\u00bb2\/3&#8243; css=\u00bb.vc_custom_1550066535020{padding-right: 10px !important;padding-left: 10px !important;}\u00bb][vc_custom_heading source=\u00bbpost_title\u00bb font_container=\u00bbtag:h1|font_size:70|text_align:center|color:%23000000&#8243; google_fonts=\u00bbfont_family:Playfair%20Display%3Aregular%2Citalic%2C700%2C700italic%2C900%2C900italic|font_style:400%20regular%3A400%3Anormal\u00bb][vc_single_image image=\u00bb1144&#8243; img_size=\u00bbfull\u00bb alignment=\u00bbcenter\u00bb css=\u00bb.vc_custom_1549982833104{margin-top: 20px !important;margin-bottom: 20px !important;}\u00bb][vc_empty_space height=\u00bb40px\u00bb][\/vc_column][vc_column width=\u00bb1\/6&#8243;][\/vc_column][\/vc_row][vc_row full_width=\u00bbstretch_row\u00bb content_placement=\u00bbtop\u00bb content_width=\u00bbnarrow\u00bb css=\u00bb.vc_custom_1550575701437{margin-bottom: -80px !important;}\u00bb][vc_column width=\u00bb1\/2&#8243;][vc_single_image image=\u00bb1593&#8243; img_size=\u00bbfull\u00bb][vc_empty_space height=\u00bb10px\u00bb][vc_custom_heading text=\u00bbL\u00edrico\u00bb font_container=\u00bbtag:h2|font_size:40|text_align:left|color:%23000000&#8243; google_fonts=\u00bbfont_family:Playfair%20Display%3Aregular%2Citalic%2C700%2C700italic%2C900%2C900italic|font_style:400%20italic%3A400%3Aitalic\u00bb][vc_custom_heading text=\u00bbHemos crecido form\u00e1ndonos en el g\u00e9nero l\u00edrico, y es algo con lo que disfrutamos mucho. Adaptamos el repertorio a los gustos de los novios: Interpretamos tanto repertorio religioso, como \u00f3pera o zarzuela y m\u00fasica m\u00e1s comercial.\u00bb font_container=\u00bbtag:p|font_size:14|text_align:left\u00bb google_fonts=\u00bbfont_family:Open%20Sans%3A300%2C300italic%2Cregular%2Citalic%2C600%2C600italic%2C700%2C700italic%2C800%2C800italic|font_style:300%20light%20regular%3A300%3Anormal\u00bb]<a class=\"btn \" href=\"http:\/\/lostenampas.com\/index.php\/contacto\/\" target=\"_self\"><span>CONTACTAR<\/span><\/a>[vc_empty_space height=\u00bb120px\u00bb][\/vc_column][vc_column width=\u00bb1\/2&#8243;][vc_single_image image=\u00bb1594&#8243; img_size=\u00bbfull\u00bb][vc_empty_space height=\u00bb10px\u00bb][vc_custom_heading text=\u00bbMariachi\u00bb font_container=\u00bbtag:h2|font_size:40|text_align:left|color:%23000000&#8243; google_fonts=\u00bbfont_family:Playfair%20Display%3Aregular%2Citalic%2C700%2C700italic%2C900%2C900italic|font_style:400%20italic%3A400%3Aitalic\u00bb][vc_custom_heading text=\u00bb\u00bfSaben por qu\u00e9 los mariachis est\u00e1n tan vinculados a las bodas?<br \/>\nLa palabra \u00abmariachi\u00ab proviene del franc\u00e9s \u00abmariage\u00ab, que significa boda, y aunque existen varias hip\u00f3tesis, esta es la principal. Durante la ocupaci\u00f3n francesa, unos soldados llegaron a presenciar en Jalisco una boda en la cual se estaba interpretando m\u00fasica regional. Tanto sorprendi\u00f3 este g\u00e9nero a los franceses que empezaron a referirse a \u00e9l como \u00abmariage\u00ab y de ah\u00ed la pronunciaci\u00f3n de la palabra se fue deformando hasta \u00abmariachi\u00ab.\u00bb font_container=\u00bbtag:p|font_size:14|text_align:left\u00bb google_fonts=\u00bbfont_family:Open%20Sans%3A300%2C300italic%2Cregular%2Citalic%2C600%2C600italic%2C700%2C700italic%2C800%2C800italic|font_style:300%20light%20regular%3A300%3Anormal\u00bb][vc_custom_heading text=\u00bbCuenten con nosotros para alegrar su boda con rancheras y mejicanas. Trabajamos con los tres formatos, y nos adaptamos tanto para el aperitivo como la sobremesa.\u00bb font_container=\u00bbtag:p|font_size:14|text_align:left\u00bb google_fonts=\u00bbfont_family:Open%20Sans%3A300%2C300italic%2Cregular%2Citalic%2C600%2C600italic%2C700%2C700italic%2C800%2C800italic|font_style:300%20light%20regular%3A300%3Anormal\u00bb]<a class=\"btn \" href=\"http:\/\/lostenampas.com\/index.php\/contacto\/\" target=\"_self\"><span>CONTACTAR<\/span><\/a>[vc_empty_space height=\u00bb120px\u00bb][\/vc_column][\/vc_row][vc_row][vc_column width=\u00bb1\/3&#8243;][vc_column_text]<iframe src=\"https:\/\/www.youtube.com\/embed\/9FY_qQ5MHug\" width=\"100%\" height=\"315\" frameborder=\"0\" allowfullscreen=\"allowfullscreen\"><\/iframe>[\/vc_column_text][\/vc_column][vc_column width=\u00bb1\/3&#8243;][vc_column_text]<iframe src=\"https:\/\/www.youtube.com\/embed\/4yQ3gF_b2TA\" width=\"100%\" height=\"315\" frameborder=\"0\" allowfullscreen=\"allowfullscreen\"><\/iframe>[\/vc_column_text][\/vc_column][vc_column width=\u00bb1\/3&#8243;][vc_column_text]<iframe src=\"https:\/\/www.youtube.com\/embed\/ye7IY6I9UBw\" width=\"100%\" height=\"315\" frameborder=\"0\" allowfullscreen=\"allowfullscreen\"><\/iframe>[\/vc_column_text][\/vc_column][\/vc_row]<\/p>\n","protected":false},"excerpt":{"rendered":"<p>[vc_row][vc_column width=\u00bb1\/6&#8243;][\/vc_column][vc_column width=\u00bb2\/3&#8243; css=\u00bb.vc_custom_1550066535020{padding-right: 10px !important;padding-left: 10px !important;}\u00bb][vc_custom_heading source=\u00bbpost_title\u00bb font_container=\u00bbtag:h1|font_size:70|text_align:center|color:%23000000&#8243; google_fonts=\u00bbfont_family:Playfair%20Display%3Aregular%2Citalic%2C700%2C700italic%2C900%2C900italic|font_style:400%20regular%3A400%3Anormal\u00bb][vc_single_image image=\u00bb1144&#8243; img_size=\u00bbfull\u00bb alignment=\u00bbcenter\u00bb css=\u00bb.vc_custom_1549982833104{margin-top: 20px !important;margin-bottom: 20px !important;}\u00bb][vc_empty_space height=\u00bb40px\u00bb][\/vc_column][vc_column width=\u00bb1\/6&#8243;][\/vc_column][\/vc_row][vc_row full_width=\u00bbstretch_row\u00bb content_placement=\u00bbtop\u00bb content_width=\u00bbnarrow\u00bb css=\u00bb.vc_custom_1550575701437{margin-bottom: -80px !important;}\u00bb][vc_column width=\u00bb1\/2&#8243;][vc_single_image image=\u00bb1593&#8243; img_size=\u00bbfull\u00bb][vc_empty_space height=\u00bb10px\u00bb][vc_custom_heading text=\u00bbL\u00edrico\u00bb font_container=\u00bbtag:h2|font_size:40|text_align:left|color:%23000000&#8243; google_fonts=\u00bbfont_family:Playfair%20Display%3Aregular%2Citalic%2C700%2C700italic%2C900%2C900italic|font_style:400%20italic%3A400%3Aitalic\u00bb][vc_custom_heading text=\u00bbHemos crecido form\u00e1ndonos en el g\u00e9nero l\u00edrico, y es algo con lo que disfrutamos mucho. Adaptamos el repertorio a los gustos [&hellip;]<\/p>\n","protected":false},"author":3,"featured_media":0,"parent":0,"menu_order":0,"comment_status":"closed","ping_status":"closed","template":"","meta":[],"_links":{"self":[{"href":"https:\/\/lostenampas.com\/index.php\/wp-json\/wp\/v2\/pages\/1136"}],"collection":[{"href":"https:\/\/lostenampas.com\/index.php\/wp-json\/wp\/v2\/pages"}],"about":[{"href":"https:\/\/lostenampas.com\/index.php\/wp-json\/wp\/v2\/types\/page"}],"author":[{"embeddable":true,"href":"https:\/\/lostenampas.com\/index.php\/wp-json\/wp\/v2\/users\/3"}],"replies":[{"embeddable":true,"href":"https:\/\/lostenampas.com\/index.php\/wp-json\/wp\/v2\/comments?post=1136"}],"version-history":[{"count":33,"href":"https:\/\/lostenampas.com\/index.php\/wp-json\/wp\/v2\/pages\/1136\/revisions"}],"predecessor-version":[{"id":2490,"href":"https:\/\/lostenampas.com\/index.php\/wp-json\/wp\/v2\/pages\/1136\/revisions\/2490"}],"wp:attachment":[{"href":"https:\/\/lostenampas.com\/index.php\/wp-json\/wp\/v2\/media?parent=1136"}],"curies":[{"name":"wp","href":"https:\/\/api.w.org\/{rel}","templated":true}]}}