{"id":1239,"date":"2019-02-12T16:05:27","date_gmt":"2019-02-12T15:05:27","guid":{"rendered":"http:\/\/lostenampas.com\/?page_id=1239"},"modified":"2019-02-27T12:35:49","modified_gmt":"2019-02-27T11:35:49","slug":"el-trio","status":"publish","type":"page","link":"https:\/\/lostenampas.com\/index.php\/el-trio\/","title":{"rendered":"El Tr\u00edo"},"content":{"rendered":"<p>[vc_row][vc_column width=\u00bb1\/4&#8243;][\/vc_column][vc_column width=\u00bb1\/2&#8243;][vc_custom_heading source=\u00bbpost_title\u00bb font_container=\u00bbtag:h1|font_size:70|text_align:center|color:%23000000&#8243; google_fonts=\u00bbfont_family:Playfair%20Display%3Aregular%2Citalic%2C700%2C700italic%2C900%2C900italic|font_style:400%20regular%3A400%3Anormal\u00bb][vc_single_image image=\u00bb1144&#8243; img_size=\u00bbfull\u00bb alignment=\u00bbcenter\u00bb css=\u00bb.vc_custom_1549982833104{margin-top: 20px !important;margin-bottom: 20px !important;}\u00bb][vc_row_inner][vc_column_inner][vc_custom_heading text=\u00bbNuestro formato m\u00e1s familiar. Lo formamos tres voces : David y Mikel Artuch, junto a nuestro padre, \u00abel Caporal\u00ab Patxi.<\/p>\n<p>Nuestras armas de trabajo son: Una acorde\u00f3n, con un m\u00f3dulo de ritmos y unas secuencias de calidad, junto a tres voces que ponen con sus d\u00faos la magia necesaria para captar la atenci\u00f3n del p\u00fablico.\u00bb font_container=\u00bbtag:h2|font_size:16|text_align:center|color:%23636363|line_height:1.3&#8243; google_fonts=\u00bbfont_family:Open%20Sans%3A300%2C300italic%2Cregular%2Citalic%2C600%2C600italic%2C700%2C700italic%2C800%2C800italic|font_style:300%20light%20regular%3A300%3Anormal\u00bb][\/vc_column_inner][\/vc_row_inner][vc_empty_space][vc_row_inner][vc_column_inner width=\u00bb1\/3&#8243;][\/vc_column_inner][vc_column_inner width=\u00bb1\/3&#8243;]<a class=\"btn aligncenter btn--small btn--dark\" href=\"mailto:info@lostenampas.com\" target=\"_self\"><span>ME INTERESA<\/span><\/a>[\/vc_column_inner][vc_column_inner width=\u00bb1\/3&#8243;][\/vc_column_inner][\/vc_row_inner][\/vc_column][vc_column width=\u00bb1\/4&#8243;][\/vc_column][\/vc_row][vc_row][vc_column width=\u00bb1\/4&#8243;][\/vc_column][vc_column width=\u00bb1\/2&#8243;][vc_empty_space height=\u00bb90px\u00bb][vc_column_text]<\/p>\n<div style=\"width: 680px;\" class=\"wp-video\"><!--[if lt IE 9]><script>document.createElement('video');<\/script><![endif]-->\n<video class=\"wp-video-shortcode\" id=\"video-1239-1\" width=\"680\" height=\"382\" preload=\"metadata\" controls=\"controls\"><source type=\"video\/mp4\" src=\"http:\/\/lostenampas.com\/wp-content\/uploads\/2019\/02\/LOS-TENAMPAS-trio.mp4?_=1\" \/><a href=\"http:\/\/lostenampas.com\/wp-content\/uploads\/2019\/02\/LOS-TENAMPAS-trio.mp4\">http:\/\/lostenampas.com\/wp-content\/uploads\/2019\/02\/LOS-TENAMPAS-trio.mp4<\/a><\/video><\/div>\n<p>[\/vc_column_text][vc_empty_space height=\u00bb90px\u00bb][\/vc_column][vc_column width=\u00bb1\/4&#8243;][\/vc_column][\/vc_row]<\/p>\n","protected":false},"excerpt":{"rendered":"<p>[vc_row][vc_column width=\u00bb1\/4&#8243;][\/vc_column][vc_column width=\u00bb1\/2&#8243;][vc_custom_heading source=\u00bbpost_title\u00bb font_container=\u00bbtag:h1|font_size:70|text_align:center|color:%23000000&#8243; google_fonts=\u00bbfont_family:Playfair%20Display%3Aregular%2Citalic%2C700%2C700italic%2C900%2C900italic|font_style:400%20regular%3A400%3Anormal\u00bb][vc_single_image image=\u00bb1144&#8243; img_size=\u00bbfull\u00bb alignment=\u00bbcenter\u00bb css=\u00bb.vc_custom_1549982833104{margin-top: 20px !important;margin-bottom: 20px !important;}\u00bb][vc_row_inner][vc_column_inner][vc_custom_heading text=\u00bbNuestro formato m\u00e1s familiar. Lo formamos tres voces : David y Mikel Artuch, junto a nuestro padre, \u00abel Caporal\u00ab Patxi. Nuestras armas de trabajo son: Una acorde\u00f3n, con un m\u00f3dulo de ritmos y unas secuencias de calidad, junto a tres voces [&hellip;]<\/p>\n","protected":false},"author":3,"featured_media":0,"parent":0,"menu_order":0,"comment_status":"closed","ping_status":"closed","template":"","meta":[],"_links":{"self":[{"href":"https:\/\/lostenampas.com\/index.php\/wp-json\/wp\/v2\/pages\/1239"}],"collection":[{"href":"https:\/\/lostenampas.com\/index.php\/wp-json\/wp\/v2\/pages"}],"about":[{"href":"https:\/\/lostenampas.com\/index.php\/wp-json\/wp\/v2\/types\/page"}],"author":[{"embeddable":true,"href":"https:\/\/lostenampas.com\/index.php\/wp-json\/wp\/v2\/users\/3"}],"replies":[{"embeddable":true,"href":"https:\/\/lostenampas.com\/index.php\/wp-json\/wp\/v2\/comments?post=1239"}],"version-history":[{"count":13,"href":"https:\/\/lostenampas.com\/index.php\/wp-json\/wp\/v2\/pages\/1239\/revisions"}],"predecessor-version":[{"id":1649,"href":"https:\/\/lostenampas.com\/index.php\/wp-json\/wp\/v2\/pages\/1239\/revisions\/1649"}],"wp:attachment":[{"href":"https:\/\/lostenampas.com\/index.php\/wp-json\/wp\/v2\/media?parent=1239"}],"curies":[{"name":"wp","href":"https:\/\/api.w.org\/{rel}","templated":true}]}}