{"id":1246,"date":"2019-02-12T16:09:15","date_gmt":"2019-02-12T15:09:15","guid":{"rendered":"http:\/\/lostenampas.com\/?page_id=1246"},"modified":"2023-03-13T17:43:08","modified_gmt":"2023-03-13T16:43:08","slug":"el-mariachi","status":"publish","type":"page","link":"https:\/\/lostenampas.com\/index.php\/el-mariachi\/","title":{"rendered":"El Mariachi"},"content":{"rendered":"<p>[vc_row][vc_column width=\u00bb1\/4&#8243;][\/vc_column][vc_column width=\u00bb1\/2&#8243;][vc_custom_heading source=\u00bbpost_title\u00bb font_container=\u00bbtag:h1|font_size:70|text_align:center|color:%23000000&#8243; google_fonts=\u00bbfont_family:Playfair%20Display%3Aregular%2Citalic%2C700%2C700italic%2C900%2C900italic|font_style:400%20regular%3A400%3Anormal\u00bb][vc_single_image image=\u00bb1144&#8243; img_size=\u00bbfull\u00bb alignment=\u00bbcenter\u00bb css=\u00bb.vc_custom_1549982833104{margin-top: 20px !important;margin-bottom: 20px !important;}\u00bb][vc_row_inner][vc_column_inner][vc_custom_heading text=\u00bbLa formaci\u00f3n completa de \u201cLos Tenampas y El Mariachi\u201d, sale a la luz a principios del a\u00f1o 2014. Este formato consta las 3 voces y 9 m\u00fasicos, grandes profesionales a nivel instrumental y con una larga trayectoria musical a los que nos une la pasi\u00f3n por la m\u00fasica y el g\u00e9nero mariachi.<\/p>\n<p>Grandes voces en los coros, acompa\u00f1adas de dos trompetas, guitarra, vihuela, guitarr\u00f3n, acorde\u00f3n y cuatro violines. Instrumentos puros con una puesta en escena \u00fanica y un nivel art\u00edstico que les trasladar\u00e1n la magia del aut\u00e9ntico Mariachi.<br \/>\nEste grupo a acompa\u00f1ado al mejor mariachi del mundo en su gira por la pen\u00ednsula en el a\u00f1o 2022, cantando en escenario como Euskalduna, Kursaal, Baluarte o el Wizink Center de madrid.<\/p>\n<p>Se adapta a cualquier tipo de p\u00fablico y tiene un repertorio muy variado. \u00bb font_container=\u00bbtag:h2|font_size:16|text_align:center|color:%23636363|line_height:1.3&#8243; google_fonts=\u00bbfont_family:Open%20Sans%3A300%2C300italic%2Cregular%2Citalic%2C600%2C600italic%2C700%2C700italic%2C800%2C800italic|font_style:300%20light%20regular%3A300%3Anormal\u00bb][\/vc_column_inner][\/vc_row_inner][vc_empty_space][vc_row_inner][vc_column_inner width=\u00bb1\/3&#8243;][\/vc_column_inner][vc_column_inner width=\u00bb1\/3&#8243;]<a class=\"btn aligncenter btn--small btn--dark\" href=\"mailto:info@lostenampas.com\" target=\"_self\"><span>ME INTERESA<\/span><\/a>[\/vc_column_inner][vc_column_inner width=\u00bb1\/3&#8243;][\/vc_column_inner][\/vc_row_inner][\/vc_column][vc_column width=\u00bb1\/4&#8243;][\/vc_column][\/vc_row][vc_row][vc_column][vc_empty_space height=\u00bb90px\u00bb][vc_row_inner][vc_column_inner width=\u00bb1\/6&#8243;][\/vc_column_inner][vc_column_inner width=\u00bb2\/3&#8243;][vc_column_text]<iframe src=\"https:\/\/www.youtube.com\/embed\/H-WO4SJxEk8\" width=\"100%\" height=\"400\" frameborder=\"0\" allowfullscreen=\"allowfullscreen\"><\/iframe>[\/vc_column_text][\/vc_column_inner][vc_column_inner width=\u00bb1\/6&#8243;][\/vc_column_inner][\/vc_row_inner][vc_empty_space height=\u00bb90px\u00bb][\/vc_column][\/vc_row]<\/p>\n","protected":false},"excerpt":{"rendered":"<p>[vc_row][vc_column width=\u00bb1\/4&#8243;][\/vc_column][vc_column width=\u00bb1\/2&#8243;][vc_custom_heading source=\u00bbpost_title\u00bb font_container=\u00bbtag:h1|font_size:70|text_align:center|color:%23000000&#8243; google_fonts=\u00bbfont_family:Playfair%20Display%3Aregular%2Citalic%2C700%2C700italic%2C900%2C900italic|font_style:400%20regular%3A400%3Anormal\u00bb][vc_single_image image=\u00bb1144&#8243; img_size=\u00bbfull\u00bb alignment=\u00bbcenter\u00bb css=\u00bb.vc_custom_1549982833104{margin-top: 20px !important;margin-bottom: 20px !important;}\u00bb][vc_row_inner][vc_column_inner][vc_custom_heading text=\u00bbLa formaci\u00f3n completa de \u201cLos Tenampas y El Mariachi\u201d, sale a la luz a principios del a\u00f1o 2014. Este formato consta las 3 voces y 9 m\u00fasicos, grandes profesionales a nivel instrumental y con una larga trayectoria musical a los que [&hellip;]<\/p>\n","protected":false},"author":3,"featured_media":0,"parent":0,"menu_order":0,"comment_status":"closed","ping_status":"closed","template":"","meta":[],"_links":{"self":[{"href":"https:\/\/lostenampas.com\/index.php\/wp-json\/wp\/v2\/pages\/1246"}],"collection":[{"href":"https:\/\/lostenampas.com\/index.php\/wp-json\/wp\/v2\/pages"}],"about":[{"href":"https:\/\/lostenampas.com\/index.php\/wp-json\/wp\/v2\/types\/page"}],"author":[{"embeddable":true,"href":"https:\/\/lostenampas.com\/index.php\/wp-json\/wp\/v2\/users\/3"}],"replies":[{"embeddable":true,"href":"https:\/\/lostenampas.com\/index.php\/wp-json\/wp\/v2\/comments?post=1246"}],"version-history":[{"count":6,"href":"https:\/\/lostenampas.com\/index.php\/wp-json\/wp\/v2\/pages\/1246\/revisions"}],"predecessor-version":[{"id":2290,"href":"https:\/\/lostenampas.com\/index.php\/wp-json\/wp\/v2\/pages\/1246\/revisions\/2290"}],"wp:attachment":[{"href":"https:\/\/lostenampas.com\/index.php\/wp-json\/wp\/v2\/media?parent=1246"}],"curies":[{"name":"wp","href":"https:\/\/api.w.org\/{rel}","templated":true}]}}