{"id":1248,"date":"2019-02-12T16:09:41","date_gmt":"2019-02-12T15:09:41","guid":{"rendered":"http:\/\/lostenampas.com\/?page_id=1248"},"modified":"2021-03-15T10:29:11","modified_gmt":"2021-03-15T09:29:11","slug":"lirico","status":"publish","type":"page","link":"https:\/\/lostenampas.com\/index.php\/lirico\/","title":{"rendered":"L\u00edrico"},"content":{"rendered":"<p>[vc_row][vc_column width=\u00bb1\/6&#8243;][\/vc_column][vc_column width=\u00bb2\/3&#8243;][vc_custom_heading source=\u00bbpost_title\u00bb font_container=\u00bbtag:h1|font_size:70|text_align:center|color:%23000000&#8243; google_fonts=\u00bbfont_family:Playfair%20Display%3Aregular%2Citalic%2C700%2C700italic%2C900%2C900italic|font_style:400%20regular%3A400%3Anormal\u00bb][vc_single_image image=\u00bb1144&#8243; img_size=\u00bbfull\u00bb alignment=\u00bbcenter\u00bb css=\u00bb.vc_custom_1549982833104{margin-top: 20px !important;margin-bottom: 20px !important;}\u00bb][vc_row_inner][vc_column_inner][vc_custom_heading text=\u00bbEste formato surge de nuestra formaci\u00f3n l\u00edrica en el conservatorio profesional \u2018Pablo Sarasate\u2018 de Pamplona y como miembros en la cuerda de tenores del orfe\u00f3n pamplon\u00e9s.<\/p>\n<p>Disponible para bodas o eventos privados. Tambi\u00e9n ofrecemos recitales adaptados a las necesidades del cliente.\u00bb font_container=\u00bbtag:h2|font_size:16|text_align:center|color:%23636363|line_height:1.3&#8243; google_fonts=\u00bbfont_family:Open%20Sans%3A300%2C300italic%2Cregular%2Citalic%2C600%2C600italic%2C700%2C700italic%2C800%2C800italic|font_style:300%20light%20regular%3A300%3Anormal\u00bb][\/vc_column_inner][\/vc_row_inner][vc_empty_space][vc_row_inner][vc_column_inner width=\u00bb1\/3&#8243;][\/vc_column_inner][vc_column_inner width=\u00bb1\/3&#8243;]<a class=\"btn aligncenter btn--dark\" href=\"mailto:info@lostenampas.com\" target=\"_self\"><span>ME INTERESA<\/span><\/a>[\/vc_column_inner][vc_column_inner width=\u00bb1\/3&#8243;][\/vc_column_inner][\/vc_row_inner][\/vc_column][vc_column width=\u00bb1\/6&#8243;][\/vc_column][\/vc_row][vc_row][vc_column][vc_empty_space height=\u00bb90px\u00bb][vc_row_inner][vc_column_inner][vc_single_image image=\u00bb1657&#8243; img_size=\u00bbfull\u00bb alignment=\u00bbcenter\u00bb][\/vc_column_inner][\/vc_row_inner][vc_empty_space height=\u00bb90px\u00bb][\/vc_column][\/vc_row][vc_row][vc_column width=\u00bb1\/3&#8243;][vc_column_text]<iframe src=\"https:\/\/www.youtube.com\/embed\/9FY_qQ5MHug\" width=\"100%\" height=\"315\" frameborder=\"0\" allowfullscreen=\"allowfullscreen\"><\/iframe>[\/vc_column_text][\/vc_column][vc_column width=\u00bb1\/3&#8243;][vc_column_text]<iframe src=\"https:\/\/www.youtube.com\/embed\/4yQ3gF_b2TA\" width=\"100%\" height=\"315\" frameborder=\"0\" allowfullscreen=\"allowfullscreen\"><\/iframe>[\/vc_column_text][\/vc_column][vc_column width=\u00bb1\/3&#8243;][vc_column_text]<iframe src=\"https:\/\/www.youtube.com\/embed\/ye7IY6I9UBw\" width=\"100%\" height=\"315\" frameborder=\"0\" allowfullscreen=\"allowfullscreen\"><\/iframe>[\/vc_column_text][\/vc_column][\/vc_row]<\/p>\n","protected":false},"excerpt":{"rendered":"<p>[vc_row][vc_column width=\u00bb1\/6&#8243;][\/vc_column][vc_column width=\u00bb2\/3&#8243;][vc_custom_heading source=\u00bbpost_title\u00bb font_container=\u00bbtag:h1|font_size:70|text_align:center|color:%23000000&#8243; google_fonts=\u00bbfont_family:Playfair%20Display%3Aregular%2Citalic%2C700%2C700italic%2C900%2C900italic|font_style:400%20regular%3A400%3Anormal\u00bb][vc_single_image image=\u00bb1144&#8243; img_size=\u00bbfull\u00bb alignment=\u00bbcenter\u00bb css=\u00bb.vc_custom_1549982833104{margin-top: 20px !important;margin-bottom: 20px !important;}\u00bb][vc_row_inner][vc_column_inner][vc_custom_heading text=\u00bbEste formato surge de nuestra formaci\u00f3n l\u00edrica en el conservatorio profesional \u2018Pablo Sarasate\u2018 de Pamplona y como miembros en la cuerda de tenores del orfe\u00f3n pamplon\u00e9s. Disponible para bodas o eventos privados. Tambi\u00e9n ofrecemos recitales adaptados a las necesidades del cliente.\u00bb [&hellip;]<\/p>\n","protected":false},"author":3,"featured_media":0,"parent":0,"menu_order":0,"comment_status":"closed","ping_status":"closed","template":"","meta":[],"_links":{"self":[{"href":"https:\/\/lostenampas.com\/index.php\/wp-json\/wp\/v2\/pages\/1248"}],"collection":[{"href":"https:\/\/lostenampas.com\/index.php\/wp-json\/wp\/v2\/pages"}],"about":[{"href":"https:\/\/lostenampas.com\/index.php\/wp-json\/wp\/v2\/types\/page"}],"author":[{"embeddable":true,"href":"https:\/\/lostenampas.com\/index.php\/wp-json\/wp\/v2\/users\/3"}],"replies":[{"embeddable":true,"href":"https:\/\/lostenampas.com\/index.php\/wp-json\/wp\/v2\/comments?post=1248"}],"version-history":[{"count":9,"href":"https:\/\/lostenampas.com\/index.php\/wp-json\/wp\/v2\/pages\/1248\/revisions"}],"predecessor-version":[{"id":1916,"href":"https:\/\/lostenampas.com\/index.php\/wp-json\/wp\/v2\/pages\/1248\/revisions\/1916"}],"wp:attachment":[{"href":"https:\/\/lostenampas.com\/index.php\/wp-json\/wp\/v2\/media?parent=1248"}],"curies":[{"name":"wp","href":"https:\/\/api.w.org\/{rel}","templated":true}]}}