{"id":1275,"date":"2019-02-12T16:33:47","date_gmt":"2019-02-12T15:33:47","guid":{"rendered":"http:\/\/lostenampas.com\/?page_id=1275"},"modified":"2022-04-06T18:02:58","modified_gmt":"2022-04-06T17:02:58","slug":"al-galope-con-los-tenampas","status":"publish","type":"page","link":"https:\/\/lostenampas.com\/index.php\/espectaculos\/al-galope-con-los-tenampas\/","title":{"rendered":"Al galope con Los Tenampas"},"content":{"rendered":"<p>[vc_row][vc_column width=\u00bb1\/2&#8243;][vc_custom_heading source=\u00bbpost_title\u00bb font_container=\u00bbtag:h1|font_size:70|text_align:left|color:%23000000&#8243; google_fonts=\u00bbfont_family:Playfair%20Display%3Aregular%2Citalic%2C700%2C700italic%2C900%2C900italic|font_style:400%20regular%3A400%3Anormal\u00bb][vc_single_image image=\u00bb1144&#8243; img_size=\u00bbfull\u00bb css=\u00bb.vc_custom_1549985363125{margin-top: 20px !important;margin-bottom: 20px !important;}\u00bb][vc_row_inner][vc_column_inner][vc_custom_heading text=\u00bbAl galope con Los Tenampas es el primer espect\u00e1culo ecuestre con m\u00fasica mariachi que hay hasta el momento.<\/p>\n<p>Su montaje puede darse tanto en recintos circulares, creando as\u00ed un espect\u00e1culo en 360, o con un escenario de frente para todo el p\u00fablico.<\/p>\n<p>Cuenta con la colaboraci\u00f3n del folklore mexicano, acompa\u00f1ado con grupo de baile. Su puesta en escena y el montaje para el baile de caballos hace que el espectador vea un show totalmente diferente a los que nos tienen acostumbrados el mariachi Los Tenampas.\u00bb font_container=\u00bbtag:h2|font_size:16|text_align:left|color:%23636363|line_height:1.6&#8243; google_fonts=\u00bbfont_family:Open%20Sans%3A300%2C300italic%2Cregular%2Citalic%2C600%2C600italic%2C700%2C700italic%2C800%2C800italic|font_style:300%20light%20regular%3A300%3Anormal\u00bb][vc_empty_space]<a class=\"btn  btn--small btn--dark\" href=\"mailto:mariachitenampas@gmail.com\" target=\"_self\"><span>ME INTERESA<\/span><\/a>[\/vc_column_inner][\/vc_row_inner][\/vc_column][vc_column width=\u00bb1\/2&#8243;][vc_empty_space height=\u00bb40px\u00bb][vc_video link=\u00bbhttps:\/\/www.youtube.com\/watch?v=oQvdPX_oXkk\u00bb][\/vc_column][\/vc_row]<\/p>\n","protected":false},"excerpt":{"rendered":"<p>[vc_row][vc_column width=\u00bb1\/2&#8243;][vc_custom_heading source=\u00bbpost_title\u00bb font_container=\u00bbtag:h1|font_size:70|text_align:left|color:%23000000&#8243; google_fonts=\u00bbfont_family:Playfair%20Display%3Aregular%2Citalic%2C700%2C700italic%2C900%2C900italic|font_style:400%20regular%3A400%3Anormal\u00bb][vc_single_image image=\u00bb1144&#8243; img_size=\u00bbfull\u00bb css=\u00bb.vc_custom_1549985363125{margin-top: 20px !important;margin-bottom: 20px !important;}\u00bb][vc_row_inner][vc_column_inner][vc_custom_heading text=\u00bbAl galope con Los Tenampas es el primer espect\u00e1culo ecuestre con m\u00fasica mariachi que hay hasta el momento. Su montaje puede darse tanto en recintos circulares, creando as\u00ed un espect\u00e1culo en 360, o con un escenario de frente para todo el p\u00fablico. Cuenta [&hellip;]<\/p>\n","protected":false},"author":3,"featured_media":0,"parent":1681,"menu_order":0,"comment_status":"closed","ping_status":"closed","template":"","meta":[],"_links":{"self":[{"href":"https:\/\/lostenampas.com\/index.php\/wp-json\/wp\/v2\/pages\/1275"}],"collection":[{"href":"https:\/\/lostenampas.com\/index.php\/wp-json\/wp\/v2\/pages"}],"about":[{"href":"https:\/\/lostenampas.com\/index.php\/wp-json\/wp\/v2\/types\/page"}],"author":[{"embeddable":true,"href":"https:\/\/lostenampas.com\/index.php\/wp-json\/wp\/v2\/users\/3"}],"replies":[{"embeddable":true,"href":"https:\/\/lostenampas.com\/index.php\/wp-json\/wp\/v2\/comments?post=1275"}],"version-history":[{"count":10,"href":"https:\/\/lostenampas.com\/index.php\/wp-json\/wp\/v2\/pages\/1275\/revisions"}],"predecessor-version":[{"id":2086,"href":"https:\/\/lostenampas.com\/index.php\/wp-json\/wp\/v2\/pages\/1275\/revisions\/2086"}],"up":[{"embeddable":true,"href":"https:\/\/lostenampas.com\/index.php\/wp-json\/wp\/v2\/pages\/1681"}],"wp:attachment":[{"href":"https:\/\/lostenampas.com\/index.php\/wp-json\/wp\/v2\/media?parent=1275"}],"curies":[{"name":"wp","href":"https:\/\/api.w.org\/{rel}","templated":true}]}}